{"id":3,"date":"2021-07-12T04:29:48","date_gmt":"2021-07-12T04:29:48","guid":{"rendered":"http:\/\/kuteshop.kutethemes.net\/?page_id=3"},"modified":"2022-12-21T15:19:13","modified_gmt":"2022-12-21T15:19:13","slug":"privacy-policy","status":"publish","type":"page","link":"https:\/\/khmissa.ls-service.ma\/?page_id=3","title":{"rendered":"CONDITION GENERALES DE VENTE"},"content":{"rendered":"\n<h2 class=\"wp-block-heading\">KHMISSA MARKET <\/h2>\n\n\n\n<p>Les pr\u00e9sentes conditions de vente sont conclues d&rsquo;une part par la soci\u00e9t\u00e9 KHMISSA MARKET, SARL AU au<br>capital de 10000000 dhs dont le si\u00e8ge social est situ\u00e9 au 46, Bd Zerktouni, Bureau 15-16, 6\u00e8me Etage &#8211;<br>Casablanca, immatricul\u00e9e au registre du commerce et des soci\u00e9t\u00e9s de Casablanca sous le num\u00e9ro ci-apr\u00e8s<br>d\u00e9nomm\u00e9e RC : 468641et d&rsquo;autre part, par toute personne physique ou morale souhaitant proc\u00e9der \u00e0 un<br>achat via le site Internet de Khmissamarket.ma d\u00e9nomm\u00e9e ci-apr\u00e8s \u00ab le Client \u00bb.<\/p>\n\n\n\n<ol class=\"wp-block-list\">\n<li><strong>Objet du contrat<br><\/strong>Les pr\u00e9sentes conditions g\u00e9n\u00e9rales de vente ont pour objet de fixer les dispositions contractuelles<br>entre khmissa market et le Client et les conditions applicables \u00e0 tout achat effectu\u00e9 par le biais du<br>site marchand www.Khmissamarket.ma, que le Client soit professionnel ou consommateur.<br>L\u2019acquisition d&rsquo;un bien ou d&rsquo;un service \u00e0 travers le pr\u00e9sent site implique une acceptation sans<br>r\u00e9serve par le client des pr\u00e9sentes conditions de vente.<\/li>\n\n\n\n<li><strong>Caract\u00e9ristiques des articles propos\u00e9s \u00e0 la vente<br><\/strong>Les articles offerts sont ceux qui figurent dans le catalogue publi\u00e9 dans le site de Khmissamarket.ma<br>Ces articles sont offerts dans la limite des stocks disponibles. Chaque article est accompagn\u00e9 d&rsquo;un<br>descriptif \u00e9tabli par Le khmissa market. Les photographies du catalogue sont les plus fid\u00e8les<br>possibles mais ne peuvent assurer une similitude parfaite avec l\u2019article offert, notamment en ce qui<br>concerne les couleurs.<\/li>\n\n\n\n<li><strong>Zone g\u00e9ographique<br><\/strong>La vente en ligne des articles pr\u00e9sent\u00e9s dans le site est r\u00e9serv\u00e9e aux acheteurs qui r\u00e9sident au<br>Maroc.<\/li>\n\n\n\n<li><strong>Tarifs<\/strong><br>Les prix figurant dans le catalogue sont des prix TTC en dirham marocain tenant compte de la TVA<br>applicable au jour de la commande ; tout changement du taux pourra \u00eatre r\u00e9percut\u00e9 sur le prix des<br>articles. Khmissa market se r\u00e9serve le droit de modifier ses prix \u00e0 tout moment, \u00e9tant entendu que<br>le prix figurant au catalogue le jour de la commande sera le seul applicable au Client. Les prix<br>indiqu\u00e9s comprennent les frais de traitement de commandes, de transport et d\u2019exp\u00e9dition dans le<br>cas ou le montant de la commande d\u00e9passe les 100 dhs et que la ville fasse partie des villes<br>desservies par Khmissamarket.ma.<\/li>\n\n\n\n<li><strong>Commandes<br><\/strong>Le client passe commande sur le site Internet Khmissamarket.ma Pour acheter un ou plusieurs<br>articles, il doit obligatoirement suivre le processus de commande suivant :<br>-Choix des articles et ajout au panier<br>-Validation du contenu du panier<br>CONDITION GENERALES DE VENTE<br>-Identification sur le site Internet ou inscription sur la fiche d&rsquo;identification sur laquelle il<br>indiquera toutes les coordonn\u00e9es demand\u00e9es<br>-Choix du mode de livraison<br>-Choix du mode de paiement et acceptation des CGV<br>-Validation du paiement<br>Le client recevra un e-mail de confirmation de commande.<br>Le client pourra \u00e0 tout moment visualiser lors du processus de commande le d\u00e9tail de sa<br>commande ainsi que son prix total et corriger d\u2019\u00e9ventuelles erreurs, avant de la confirmer pour<br>exprimer son acceptation.<br>Khmissa market se r\u00e9serve la propri\u00e9t\u00e9 des articles jusqu\u2019au r\u00e8glement complet de la commande,<br>c&rsquo;est-\u00e0-dire \u00e0 l\u2019encaissement du prix de la commande par khmissa market.<br>Khemissa market se r\u00e9serve le droit d\u2019annuler ou de refuser toute commande qui \u00e9manerait d\u2019un<br>Client avec lequel il existerait un litige relatif au paiement d\u2019une commande pr\u00e9c\u00e9dente. Toute<br>commande vaut acceptation des prix et descriptions des articles disponibles \u00e0 la vente.<br>khmissa market s\u2019engage \u00e0 honorer les commandes re\u00e7ues sur le site Internet seulement dans la<br>limite des stocks disponibles.<\/li>\n\n\n\n<li><strong>Modalit\u00e9s de paiement<br><\/strong>Le r\u00e8glement des achats s\u2019effectue via l\u2019un des moyens suivants, \u00e0 la convenance du Client :<br>-Par carte bancaire-COD.<\/li>\n\n\n\n<li><strong>Exp\u00e9dition et d\u00e9lais de livraison<br><\/strong>Toute commande pass\u00e9e sur le site de khmissa market sur place du lundi au samedi (hors jours<br>f\u00e9ri\u00e9s) sera pr\u00e9par\u00e9e et exp\u00e9di\u00e9e le jour m\u00eame, sous r\u00e9serve de validation du paiement et de la<br>disponibilit\u00e9 des produits command\u00e9s.<br>khmissa market s\u2019engage \u00e0 livrer les commandes pass\u00e9es par le Client dans les d\u00e9lais pr\u00e9vus. Si<br>lesdits articles n\u2019ont pas \u00e9t\u00e9 livr\u00e9s dans un d\u00e9lai de 1 jours \u00e0 compter de la date de livraison pr\u00e9vue<br>lors de la commande, et si ce d\u00e9passement n\u2019est pas li\u00e9 \u00e0 un cas de force majeure, le Client pourra<br>proc\u00e9der \u00e0 la r\u00e9solution de la vente, en envoyant \u00e0 courrier recommand\u00e9 avec accus\u00e9 de r\u00e9ception \u00e0<br>l\u2019adresse suivante : 126 Rue Al Ourjouane Hay Raha Beausejour , Casablanca maroc. Les sommes<br>r\u00e9gl\u00e9es par le Client lui seront alors int\u00e9gralement rembours\u00e9es.<br>Le client dispose d\u2019un d\u00e9lai de 2 jours ouvr\u00e9s \u00e0 compter de la date d\u2019exp\u00e9dition de la commande<br>pour signaler la non r\u00e9ception et demander la r\u00e9solution de la vente et le remboursement des<br>articles. Pass\u00e9 ce d\u00e9lai, aucune r\u00e9solution de la vente ne sera accept\u00e9e.<br>Le client est tenu de v\u00e9rifier le bon \u00e9tat des articles livr\u00e9s. Toute anomalie constat\u00e9e (article<br>manquant, colis endommag\u00e9, article cass\u00e9\u2026) devra obligatoirement \u00eatre indiqu\u00e9e dans les 2 jours, \u00e0<br>khmissa market, suivant la r\u00e9ception.<\/li>\n\n\n\n<li><strong>D\u00e9lai de R\u00e9tractation : \u00e9change ou retour<br><\/strong>Les Clients, personnes physiques non professionnelles, b\u00e9n\u00e9ficient d&rsquo;un d\u00e9lai de r\u00e9tractation jours \u00e0<br>compter de la livraison de leur commande pour faire retour du produit \u00e0 khmissa market pour<br>\u00e9change.<br>Les frais de retour sont \u00e0 la charge du client. Le Client aura droit \u00e0 un bon d\u2019achat valable sur tout le<br>site dans un d\u00e9lai et au plus tard 3 jours apr\u00e8s la date \u00e0 laquelle il a exerc\u00e9 son droit de r\u00e9tractation.<br>Conditions d\u2019\u00e9change et de retour pour remboursement<br>Les articles retourn\u00e9s doivent \u00eatre neufs et en parfait \u00e9tat. Ils devront \u00eatre renvoy\u00e9s dans un \u00e9tat<br>permettant leur re commercialisation.<br>Le Client aura le choix entre deux modes de retour propos\u00e9s par Khmissamarket.ma :<br>-En magasin ou le produit a \u00e9t\u00e9 command\u00e9.<br>-Au si\u00e8ge de Khmissamarket.ma via un transporteur priv\u00e9.<br>Le client devra conserver la preuve du d\u00e9p\u00f4t du colis aupr\u00e8s des prestataires charg\u00e9s du retour. En<br>l\u2019absence de cette preuve, aucun \u00e9change ou remboursement ne pourra \u00eatre effectu\u00e9 en cas de<br>perte du colis.<\/li>\n<\/ol>\n","protected":false},"excerpt":{"rendered":"<p>KHMISSA MARKET Les pr\u00e9sentes conditions de vente sont conclues d&rsquo;une part par la soci\u00e9t\u00e9 KHMISSA MARKET, SARL AU aucapital de 10000000 dhs dont le si\u00e8ge social est situ\u00e9 au 46, Bd Zerktouni, Bureau 15-16, 6\u00e8me Etage &#8211;Casablanca, immatricul\u00e9e au registre du commerce et des soci\u00e9t\u00e9s de Casablanca sous le num\u00e9ro ci-apr\u00e8sd\u00e9nomm\u00e9e RC : 468641et d&rsquo;autre [&hellip;]<\/p>\n","protected":false},"author":1,"featured_media":0,"parent":0,"menu_order":0,"comment_status":"closed","ping_status":"open","template":"","meta":{"inline_featured_image":false,"footnotes":""},"class_list":["post-3","page","type-page","status-publish","hentry"],"yoast_head":"<!-- This site is optimized with the Yoast SEO plugin v19.13 - https:\/\/yoast.com\/wordpress\/plugins\/seo\/ -->\n<title>CONDITION GENERALES DE VENTE - KHMISSA MARKET<\/title>\n<meta name=\"robots\" content=\"index, follow, max-snippet:-1, max-image-preview:large, max-video-preview:-1\" \/>\n<link rel=\"canonical\" href=\"https:\/\/khmissa.ls-service.ma\/?page_id=3\" \/>\n<meta property=\"og:locale\" content=\"fr_FR\" \/>\n<meta property=\"og:type\" content=\"article\" \/>\n<meta property=\"og:title\" content=\"CONDITION GENERALES DE VENTE - KHMISSA MARKET\" \/>\n<meta property=\"og:description\" content=\"KHMISSA MARKET Les pr\u00e9sentes conditions de vente sont conclues d&rsquo;une part par la soci\u00e9t\u00e9 KHMISSA MARKET, SARL AU aucapital de 10000000 dhs dont le si\u00e8ge social est situ\u00e9 au 46, Bd Zerktouni, Bureau 15-16, 6\u00e8me Etage &#8211;Casablanca, immatricul\u00e9e au registre du commerce et des soci\u00e9t\u00e9s de Casablanca sous le num\u00e9ro ci-apr\u00e8sd\u00e9nomm\u00e9e RC : 468641et d&rsquo;autre [&hellip;]\" \/>\n<meta property=\"og:url\" content=\"https:\/\/khmissa.ls-service.ma\/?page_id=3\" \/>\n<meta property=\"og:site_name\" content=\"KHMISSA MARKET\" \/>\n<meta property=\"article:modified_time\" content=\"2022-12-21T15:19:13+00:00\" \/>\n<meta name=\"twitter:card\" content=\"summary_large_image\" \/>\n<meta name=\"twitter:label1\" content=\"Dur\u00e9e de lecture estim\u00e9e\" \/>\n\t<meta name=\"twitter:data1\" content=\"5 minutes\" \/>\n<script type=\"application\/ld+json\" class=\"yoast-schema-graph\">{\"@context\":\"https:\/\/schema.org\",\"@graph\":[{\"@type\":\"WebPage\",\"@id\":\"https:\/\/khmissa.ls-service.ma\/?page_id=3\",\"url\":\"https:\/\/khmissa.ls-service.ma\/?page_id=3\",\"name\":\"CONDITION GENERALES DE VENTE - KHMISSA MARKET\",\"isPartOf\":{\"@id\":\"https:\/\/khmissa.ls-service.ma\/#website\"},\"datePublished\":\"2021-07-12T04:29:48+00:00\",\"dateModified\":\"2022-12-21T15:19:13+00:00\",\"breadcrumb\":{\"@id\":\"https:\/\/khmissa.ls-service.ma\/?page_id=3#breadcrumb\"},\"inLanguage\":\"fr-FR\",\"potentialAction\":[{\"@type\":\"ReadAction\",\"target\":[\"https:\/\/khmissa.ls-service.ma\/?page_id=3\"]}]},{\"@type\":\"BreadcrumbList\",\"@id\":\"https:\/\/khmissa.ls-service.ma\/?page_id=3#breadcrumb\",\"itemListElement\":[{\"@type\":\"ListItem\",\"position\":1,\"name\":\"Accueil\",\"item\":\"https:\/\/khmissa.ls-service.ma\/\"},{\"@type\":\"ListItem\",\"position\":2,\"name\":\"CONDITION GENERALES DE VENTE\"}]},{\"@type\":\"WebSite\",\"@id\":\"https:\/\/khmissa.ls-service.ma\/#website\",\"url\":\"https:\/\/khmissa.ls-service.ma\/\",\"name\":\"KHMISSA MARKET\",\"description\":\"Online market\",\"potentialAction\":[{\"@type\":\"SearchAction\",\"target\":{\"@type\":\"EntryPoint\",\"urlTemplate\":\"https:\/\/khmissa.ls-service.ma\/?s={search_term_string}\"},\"query-input\":\"required name=search_term_string\"}],\"inLanguage\":\"fr-FR\"}]}<\/script>\n<!-- \/ Yoast SEO plugin. -->","yoast_head_json":{"title":"CONDITION GENERALES DE VENTE - KHMISSA MARKET","robots":{"index":"index","follow":"follow","max-snippet":"max-snippet:-1","max-image-preview":"max-image-preview:large","max-video-preview":"max-video-preview:-1"},"canonical":"https:\/\/khmissa.ls-service.ma\/?page_id=3","og_locale":"fr_FR","og_type":"article","og_title":"CONDITION GENERALES DE VENTE - KHMISSA MARKET","og_description":"KHMISSA MARKET Les pr\u00e9sentes conditions de vente sont conclues d&rsquo;une part par la soci\u00e9t\u00e9 KHMISSA MARKET, SARL AU aucapital de 10000000 dhs dont le si\u00e8ge social est situ\u00e9 au 46, Bd Zerktouni, Bureau 15-16, 6\u00e8me Etage &#8211;Casablanca, immatricul\u00e9e au registre du commerce et des soci\u00e9t\u00e9s de Casablanca sous le num\u00e9ro ci-apr\u00e8sd\u00e9nomm\u00e9e RC : 468641et d&rsquo;autre [&hellip;]","og_url":"https:\/\/khmissa.ls-service.ma\/?page_id=3","og_site_name":"KHMISSA MARKET","article_modified_time":"2022-12-21T15:19:13+00:00","twitter_card":"summary_large_image","twitter_misc":{"Dur\u00e9e de lecture estim\u00e9e":"5 minutes"},"schema":{"@context":"https:\/\/schema.org","@graph":[{"@type":"WebPage","@id":"https:\/\/khmissa.ls-service.ma\/?page_id=3","url":"https:\/\/khmissa.ls-service.ma\/?page_id=3","name":"CONDITION GENERALES DE VENTE - KHMISSA MARKET","isPartOf":{"@id":"https:\/\/khmissa.ls-service.ma\/#website"},"datePublished":"2021-07-12T04:29:48+00:00","dateModified":"2022-12-21T15:19:13+00:00","breadcrumb":{"@id":"https:\/\/khmissa.ls-service.ma\/?page_id=3#breadcrumb"},"inLanguage":"fr-FR","potentialAction":[{"@type":"ReadAction","target":["https:\/\/khmissa.ls-service.ma\/?page_id=3"]}]},{"@type":"BreadcrumbList","@id":"https:\/\/khmissa.ls-service.ma\/?page_id=3#breadcrumb","itemListElement":[{"@type":"ListItem","position":1,"name":"Accueil","item":"https:\/\/khmissa.ls-service.ma\/"},{"@type":"ListItem","position":2,"name":"CONDITION GENERALES DE VENTE"}]},{"@type":"WebSite","@id":"https:\/\/khmissa.ls-service.ma\/#website","url":"https:\/\/khmissa.ls-service.ma\/","name":"KHMISSA MARKET","description":"Online market","potentialAction":[{"@type":"SearchAction","target":{"@type":"EntryPoint","urlTemplate":"https:\/\/khmissa.ls-service.ma\/?s={search_term_string}"},"query-input":"required name=search_term_string"}],"inLanguage":"fr-FR"}]}},"_links":{"self":[{"href":"https:\/\/khmissa.ls-service.ma\/index.php?rest_route=\/wp\/v2\/pages\/3","targetHints":{"allow":["GET"]}}],"collection":[{"href":"https:\/\/khmissa.ls-service.ma\/index.php?rest_route=\/wp\/v2\/pages"}],"about":[{"href":"https:\/\/khmissa.ls-service.ma\/index.php?rest_route=\/wp\/v2\/types\/page"}],"author":[{"embeddable":true,"href":"https:\/\/khmissa.ls-service.ma\/index.php?rest_route=\/wp\/v2\/users\/1"}],"replies":[{"embeddable":true,"href":"https:\/\/khmissa.ls-service.ma\/index.php?rest_route=%2Fwp%2Fv2%2Fcomments&post=3"}],"version-history":[{"count":3,"href":"https:\/\/khmissa.ls-service.ma\/index.php?rest_route=\/wp\/v2\/pages\/3\/revisions"}],"predecessor-version":[{"id":8449,"href":"https:\/\/khmissa.ls-service.ma\/index.php?rest_route=\/wp\/v2\/pages\/3\/revisions\/8449"}],"wp:attachment":[{"href":"https:\/\/khmissa.ls-service.ma\/index.php?rest_route=%2Fwp%2Fv2%2Fmedia&parent=3"}],"curies":[{"name":"wp","href":"https:\/\/api.w.org\/{rel}","templated":true}]}}