{"id":4035,"date":"2022-12-07T14:47:28","date_gmt":"2022-12-07T14:47:28","guid":{"rendered":"https:\/\/khmissa.ls-service.net\/?post_type=product&#038;p=4035"},"modified":"2022-12-07T14:49:35","modified_gmt":"2022-12-07T14:49:35","slug":"shampoing-sante-brillance-a-laloe-vera-380ml-cadum","status":"publish","type":"product","link":"https:\/\/khmissa.ls-service.ma\/?product=shampoing-sante-brillance-a-laloe-vera-380ml-cadum","title":{"rendered":"Shampoing Sant\u00e9 &#038; Brillance \u00e0 l&rsquo;Alo\u00e9 Vera 380ml &#8211; Cadum"},"content":{"rendered":"","protected":false},"excerpt":{"rendered":"","protected":false},"featured_media":4106,"template":"","meta":{"inline_featured_image":false},"product_cat":[15],"product_tag":[],"class_list":{"0":"post-4035","1":"product","2":"type-product","3":"status-publish","4":"has-post-thumbnail","6":"product_cat-hanoute","8":"first","9":"instock","10":"shipping-taxable","11":"purchasable","12":"product-type-simple"},"yoast_head":"<!-- This site is optimized with the Yoast SEO plugin v19.13 - https:\/\/yoast.com\/wordpress\/plugins\/seo\/ -->\n<title>Shampoing Sant\u00e9 &amp; Brillance \u00e0 l&#039;Alo\u00e9 Vera 380ml - Cadum - KHMISSA MARKET<\/title>\n<meta name=\"robots\" content=\"index, follow, max-snippet:-1, max-image-preview:large, max-video-preview:-1\" \/>\n<link rel=\"canonical\" href=\"https:\/\/khmissa.ls-service.ma\/?product=shampoing-sante-brillance-a-laloe-vera-380ml-cadum\" \/>\n<meta property=\"og:locale\" content=\"fr_FR\" \/>\n<meta property=\"og:type\" content=\"article\" \/>\n<meta property=\"og:title\" content=\"Shampoing Sant\u00e9 &amp; Brillance \u00e0 l&#039;Alo\u00e9 Vera 380ml - Cadum - KHMISSA MARKET\" \/>\n<meta property=\"og:url\" content=\"https:\/\/khmissa.ls-service.ma\/?product=shampoing-sante-brillance-a-laloe-vera-380ml-cadum\" \/>\n<meta property=\"og:site_name\" content=\"KHMISSA MARKET\" \/>\n<meta property=\"article:modified_time\" content=\"2022-12-07T14:49:35+00:00\" \/>\n<meta property=\"og:image\" content=\"https:\/\/khmissa.ls-service.ma\/wp-content\/uploads\/2022\/12\/200.jpg\" \/>\n\t<meta property=\"og:image:width\" content=\"700\" \/>\n\t<meta property=\"og:image:height\" content=\"700\" \/>\n\t<meta property=\"og:image:type\" content=\"image\/jpeg\" \/>\n<meta name=\"twitter:card\" content=\"summary_large_image\" \/>\n<script type=\"application\/ld+json\" class=\"yoast-schema-graph\">{\"@context\":\"https:\/\/schema.org\",\"@graph\":[{\"@type\":\"WebPage\",\"@id\":\"https:\/\/khmissa.ls-service.ma\/?product=shampoing-sante-brillance-a-laloe-vera-380ml-cadum\",\"url\":\"https:\/\/khmissa.ls-service.ma\/?product=shampoing-sante-brillance-a-laloe-vera-380ml-cadum\",\"name\":\"Shampoing Sant\u00e9 & Brillance \u00e0 l'Alo\u00e9 Vera 380ml - Cadum - KHMISSA MARKET\",\"isPartOf\":{\"@id\":\"https:\/\/khmissa.ls-service.ma\/#website\"},\"datePublished\":\"2022-12-07T14:47:28+00:00\",\"dateModified\":\"2022-12-07T14:49:35+00:00\",\"breadcrumb\":{\"@id\":\"https:\/\/khmissa.ls-service.ma\/?product=shampoing-sante-brillance-a-laloe-vera-380ml-cadum#breadcrumb\"},\"inLanguage\":\"fr-FR\",\"potentialAction\":[{\"@type\":\"ReadAction\",\"target\":[\"https:\/\/khmissa.ls-service.ma\/?product=shampoing-sante-brillance-a-laloe-vera-380ml-cadum\"]}]},{\"@type\":\"BreadcrumbList\",\"@id\":\"https:\/\/khmissa.ls-service.ma\/?product=shampoing-sante-brillance-a-laloe-vera-380ml-cadum#breadcrumb\",\"itemListElement\":[{\"@type\":\"ListItem\",\"position\":1,\"name\":\"Accueil\",\"item\":\"https:\/\/khmissa.ls-service.ma\/\"},{\"@type\":\"ListItem\",\"position\":2,\"name\":\"Boutique\",\"item\":\"https:\/\/khmissa.ls-service.ma\/?page_id=6\"},{\"@type\":\"ListItem\",\"position\":3,\"name\":\"Shampoing Sant\u00e9 &#038; Brillance \u00e0 l&rsquo;Alo\u00e9 Vera 380ml &#8211; Cadum\"}]},{\"@type\":\"WebSite\",\"@id\":\"https:\/\/khmissa.ls-service.ma\/#website\",\"url\":\"https:\/\/khmissa.ls-service.ma\/\",\"name\":\"KHMISSA MARKET\",\"description\":\"Online market\",\"potentialAction\":[{\"@type\":\"SearchAction\",\"target\":{\"@type\":\"EntryPoint\",\"urlTemplate\":\"https:\/\/khmissa.ls-service.ma\/?s={search_term_string}\"},\"query-input\":\"required name=search_term_string\"}],\"inLanguage\":\"fr-FR\"}]}<\/script>\n<!-- \/ Yoast SEO plugin. -->","yoast_head_json":{"title":"Shampoing Sant\u00e9 & Brillance \u00e0 l'Alo\u00e9 Vera 380ml - Cadum - KHMISSA MARKET","robots":{"index":"index","follow":"follow","max-snippet":"max-snippet:-1","max-image-preview":"max-image-preview:large","max-video-preview":"max-video-preview:-1"},"canonical":"https:\/\/khmissa.ls-service.ma\/?product=shampoing-sante-brillance-a-laloe-vera-380ml-cadum","og_locale":"fr_FR","og_type":"article","og_title":"Shampoing Sant\u00e9 & Brillance \u00e0 l'Alo\u00e9 Vera 380ml - Cadum - KHMISSA MARKET","og_url":"https:\/\/khmissa.ls-service.ma\/?product=shampoing-sante-brillance-a-laloe-vera-380ml-cadum","og_site_name":"KHMISSA MARKET","article_modified_time":"2022-12-07T14:49:35+00:00","og_image":[{"width":700,"height":700,"url":"https:\/\/khmissa.ls-service.ma\n\n\/wp-content\/uploads\/2022\/12\/200.jpg","type":"image\/jpeg"}],"twitter_card":"summary_large_image","schema":{"@context":"https:\/\/schema.org","@graph":[{"@type":"WebPage","@id":"https:\/\/khmissa.ls-service.ma\/?product=shampoing-sante-brillance-a-laloe-vera-380ml-cadum","url":"https:\/\/khmissa.ls-service.ma\/?product=shampoing-sante-brillance-a-laloe-vera-380ml-cadum","name":"Shampoing Sant\u00e9 & Brillance \u00e0 l'Alo\u00e9 Vera 380ml - Cadum - KHMISSA MARKET","isPartOf":{"@id":"https:\/\/khmissa.ls-service.ma\/#website"},"datePublished":"2022-12-07T14:47:28+00:00","dateModified":"2022-12-07T14:49:35+00:00","breadcrumb":{"@id":"https:\/\/khmissa.ls-service.ma\/?product=shampoing-sante-brillance-a-laloe-vera-380ml-cadum#breadcrumb"},"inLanguage":"fr-FR","potentialAction":[{"@type":"ReadAction","target":["https:\/\/khmissa.ls-service.ma\/?product=shampoing-sante-brillance-a-laloe-vera-380ml-cadum"]}]},{"@type":"BreadcrumbList","@id":"https:\/\/khmissa.ls-service.ma\/?product=shampoing-sante-brillance-a-laloe-vera-380ml-cadum#breadcrumb","itemListElement":[{"@type":"ListItem","position":1,"name":"Accueil","item":"https:\/\/khmissa.ls-service.ma\/"},{"@type":"ListItem","position":2,"name":"Boutique","item":"https:\/\/khmissa.ls-service.ma\/?page_id=6"},{"@type":"ListItem","position":3,"name":"Shampoing Sant\u00e9 &#038; Brillance \u00e0 l&rsquo;Alo\u00e9 Vera 380ml &#8211; Cadum"}]},{"@type":"WebSite","@id":"https:\/\/khmissa.ls-service.ma\/#website","url":"https:\/\/khmissa.ls-service.ma\/","name":"KHMISSA MARKET","description":"Online market","potentialAction":[{"@type":"SearchAction","target":{"@type":"EntryPoint","urlTemplate":"https:\/\/khmissa.ls-service.ma\/?s={search_term_string}"},"query-input":"required name=search_term_string"}],"inLanguage":"fr-FR"}]}},"_links":{"self":[{"href":"https:\/\/khmissa.ls-service.ma\/index.php?rest_route=\/wp\/v2\/product\/4035","targetHints":{"allow":["GET"]}}],"collection":[{"href":"https:\/\/khmissa.ls-service.ma\/index.php?rest_route=\/wp\/v2\/product"}],"about":[{"href":"https:\/\/khmissa.ls-service.ma\/index.php?rest_route=\/wp\/v2\/types\/product"}],"version-history":[{"count":1,"href":"https:\/\/khmissa.ls-service.ma\/index.php?rest_route=\/wp\/v2\/product\/4035\/revisions"}],"predecessor-version":[{"id":4107,"href":"https:\/\/khmissa.ls-service.ma\/index.php?rest_route=\/wp\/v2\/product\/4035\/revisions\/4107"}],"wp:featuredmedia":[{"embeddable":true,"href":"https:\/\/khmissa.ls-service.ma\/index.php?rest_route=\/wp\/v2\/media\/4106"}],"wp:attachment":[{"href":"https:\/\/khmissa.ls-service.ma\/index.php?rest_route=%2Fwp%2Fv2%2Fmedia&parent=4035"}],"wp:term":[{"taxonomy":"product_cat","embeddable":true,"href":"https:\/\/khmissa.ls-service.ma\/index.php?rest_route=%2Fwp%2Fv2%2Fproduct_cat&post=4035"},{"taxonomy":"product_tag","embeddable":true,"href":"https:\/\/khmissa.ls-service.ma\/index.php?rest_route=%2Fwp%2Fv2%2Fproduct_tag&post=4035"}],"curies":[{"name":"wp","href":"https:\/\/api.w.org\/{rel}","templated":true}]}}