{"id":6008,"date":"2022-12-07T15:46:20","date_gmt":"2022-12-07T15:46:20","guid":{"rendered":"https:\/\/khmissa.ls-service.net\/?post_type=product&#038;p=6008"},"modified":"2022-12-07T15:48:32","modified_gmt":"2022-12-07T15:48:32","slug":"brosse-lave-vaisselle-impermeable-electrique","status":"publish","type":"product","link":"https:\/\/khmissa.ls-service.ma\/?product=brosse-lave-vaisselle-impermeable-electrique","title":{"rendered":"Brosse Lave-Vaisselle Imperm\u00e9able Electrique"},"content":{"rendered":"<p>Brosse Lavage Imperm\u00e9able Electrique<\/p>\n","protected":false},"excerpt":{"rendered":"<p>&lsquo;- Jesopb brosse Lavage vaisselle imperm\u00e9able \u00e9lectrique gommage nettoyage vaisselle<\/p>\n<p>&#8211; Brosse \u00e9lectrique qui permet de laver plats casseroles et vaisselle avec ses poils qui inhibe toute la salet\u00e9<\/p>\n<p>&#8211; \u00c9quip\u00e9 avec trois brosses en plastique pour faciliter le nettoyage<\/p>\n<p>&#8211; Utilisant 4 piles AA<\/p>\n","protected":false},"featured_media":6081,"template":"","meta":{"inline_featured_image":false},"product_cat":[494],"product_tag":[],"class_list":{"0":"post-6008","1":"product","2":"type-product","3":"status-publish","4":"has-post-thumbnail","6":"product_cat-hygiene-beaute-soins-2","8":"first","9":"instock","10":"shipping-taxable","11":"purchasable","12":"product-type-simple"},"yoast_head":"<!-- This site is optimized with the Yoast SEO plugin v19.13 - https:\/\/yoast.com\/wordpress\/plugins\/seo\/ -->\n<title>Brosse Lave-Vaisselle Imperm\u00e9able Electrique - KHMISSA MARKET<\/title>\n<meta name=\"robots\" content=\"index, follow, max-snippet:-1, max-image-preview:large, max-video-preview:-1\" \/>\n<link rel=\"canonical\" href=\"https:\/\/khmissa.ls-service.ma\/?product=brosse-lave-vaisselle-impermeable-electrique\" \/>\n<meta property=\"og:locale\" content=\"fr_FR\" \/>\n<meta property=\"og:type\" content=\"article\" \/>\n<meta property=\"og:title\" content=\"Brosse Lave-Vaisselle Imperm\u00e9able Electrique - KHMISSA MARKET\" \/>\n<meta property=\"og:description\" content=\"&#039;- Jesopb brosse Lavage vaisselle imperm\u00e9able \u00e9lectrique gommage nettoyage vaisselle  - Brosse \u00e9lectrique qui permet de laver plats casseroles et vaisselle avec ses poils qui inhibe toute la salet\u00e9  - \u00c9quip\u00e9 avec trois brosses en plastique pour faciliter le nettoyage  - Utilisant 4 piles AA\" \/>\n<meta property=\"og:url\" content=\"https:\/\/khmissa.ls-service.ma\/?product=brosse-lave-vaisselle-impermeable-electrique\" \/>\n<meta property=\"og:site_name\" content=\"KHMISSA MARKET\" \/>\n<meta property=\"article:modified_time\" content=\"2022-12-07T15:48:32+00:00\" \/>\n<meta property=\"og:image\" content=\"https:\/\/khmissa.ls-service.ma\/wp-content\/uploads\/2022\/12\/br.jpg\" \/>\n\t<meta property=\"og:image:width\" content=\"700\" \/>\n\t<meta property=\"og:image:height\" content=\"700\" \/>\n\t<meta property=\"og:image:type\" content=\"image\/jpeg\" \/>\n<meta name=\"twitter:card\" content=\"summary_large_image\" \/>\n<script type=\"application\/ld+json\" class=\"yoast-schema-graph\">{\"@context\":\"https:\/\/schema.org\",\"@graph\":[{\"@type\":\"WebPage\",\"@id\":\"https:\/\/khmissa.ls-service.ma\/?product=brosse-lave-vaisselle-impermeable-electrique\",\"url\":\"https:\/\/khmissa.ls-service.ma\/?product=brosse-lave-vaisselle-impermeable-electrique\",\"name\":\"Brosse Lave-Vaisselle Imperm\u00e9able Electrique - KHMISSA MARKET\",\"isPartOf\":{\"@id\":\"https:\/\/khmissa.ls-service.ma\/#website\"},\"datePublished\":\"2022-12-07T15:46:20+00:00\",\"dateModified\":\"2022-12-07T15:48:32+00:00\",\"breadcrumb\":{\"@id\":\"https:\/\/khmissa.ls-service.ma\/?product=brosse-lave-vaisselle-impermeable-electrique#breadcrumb\"},\"inLanguage\":\"fr-FR\",\"potentialAction\":[{\"@type\":\"ReadAction\",\"target\":[\"https:\/\/khmissa.ls-service.ma\/?product=brosse-lave-vaisselle-impermeable-electrique\"]}]},{\"@type\":\"BreadcrumbList\",\"@id\":\"https:\/\/khmissa.ls-service.ma\/?product=brosse-lave-vaisselle-impermeable-electrique#breadcrumb\",\"itemListElement\":[{\"@type\":\"ListItem\",\"position\":1,\"name\":\"Accueil\",\"item\":\"https:\/\/khmissa.ls-service.ma\/\"},{\"@type\":\"ListItem\",\"position\":2,\"name\":\"Boutique\",\"item\":\"https:\/\/khmissa.ls-service.ma\/?page_id=6\"},{\"@type\":\"ListItem\",\"position\":3,\"name\":\"Brosse Lave-Vaisselle Imperm\u00e9able Electrique\"}]},{\"@type\":\"WebSite\",\"@id\":\"https:\/\/khmissa.ls-service.ma\/#website\",\"url\":\"https:\/\/khmissa.ls-service.ma\/\",\"name\":\"KHMISSA MARKET\",\"description\":\"Online market\",\"potentialAction\":[{\"@type\":\"SearchAction\",\"target\":{\"@type\":\"EntryPoint\",\"urlTemplate\":\"https:\/\/khmissa.ls-service.ma\/?s={search_term_string}\"},\"query-input\":\"required name=search_term_string\"}],\"inLanguage\":\"fr-FR\"}]}<\/script>\n<!-- \/ Yoast SEO plugin. -->","yoast_head_json":{"title":"Brosse Lave-Vaisselle Imperm\u00e9able Electrique - KHMISSA MARKET","robots":{"index":"index","follow":"follow","max-snippet":"max-snippet:-1","max-image-preview":"max-image-preview:large","max-video-preview":"max-video-preview:-1"},"canonical":"https:\/\/khmissa.ls-service.ma\/?product=brosse-lave-vaisselle-impermeable-electrique","og_locale":"fr_FR","og_type":"article","og_title":"Brosse Lave-Vaisselle Imperm\u00e9able Electrique - KHMISSA MARKET","og_description":"'- Jesopb brosse Lavage vaisselle imperm\u00e9able \u00e9lectrique gommage nettoyage vaisselle  - Brosse \u00e9lectrique qui permet de laver plats casseroles et vaisselle avec ses poils qui inhibe toute la salet\u00e9  - \u00c9quip\u00e9 avec trois brosses en plastique pour faciliter le nettoyage  - Utilisant 4 piles AA","og_url":"https:\/\/khmissa.ls-service.ma\/?product=brosse-lave-vaisselle-impermeable-electrique","og_site_name":"KHMISSA MARKET","article_modified_time":"2022-12-07T15:48:32+00:00","og_image":[{"width":700,"height":700,"url":"https:\/\/khmissa.ls-service.ma\n\n\/wp-content\/uploads\/2022\/12\/br.jpg","type":"image\/jpeg"}],"twitter_card":"summary_large_image","schema":{"@context":"https:\/\/schema.org","@graph":[{"@type":"WebPage","@id":"https:\/\/khmissa.ls-service.ma\/?product=brosse-lave-vaisselle-impermeable-electrique","url":"https:\/\/khmissa.ls-service.ma\/?product=brosse-lave-vaisselle-impermeable-electrique","name":"Brosse Lave-Vaisselle Imperm\u00e9able Electrique - KHMISSA MARKET","isPartOf":{"@id":"https:\/\/khmissa.ls-service.ma\/#website"},"datePublished":"2022-12-07T15:46:20+00:00","dateModified":"2022-12-07T15:48:32+00:00","breadcrumb":{"@id":"https:\/\/khmissa.ls-service.ma\/?product=brosse-lave-vaisselle-impermeable-electrique#breadcrumb"},"inLanguage":"fr-FR","potentialAction":[{"@type":"ReadAction","target":["https:\/\/khmissa.ls-service.ma\/?product=brosse-lave-vaisselle-impermeable-electrique"]}]},{"@type":"BreadcrumbList","@id":"https:\/\/khmissa.ls-service.ma\/?product=brosse-lave-vaisselle-impermeable-electrique#breadcrumb","itemListElement":[{"@type":"ListItem","position":1,"name":"Accueil","item":"https:\/\/khmissa.ls-service.ma\/"},{"@type":"ListItem","position":2,"name":"Boutique","item":"https:\/\/khmissa.ls-service.ma\/?page_id=6"},{"@type":"ListItem","position":3,"name":"Brosse Lave-Vaisselle Imperm\u00e9able Electrique"}]},{"@type":"WebSite","@id":"https:\/\/khmissa.ls-service.ma\/#website","url":"https:\/\/khmissa.ls-service.ma\/","name":"KHMISSA MARKET","description":"Online market","potentialAction":[{"@type":"SearchAction","target":{"@type":"EntryPoint","urlTemplate":"https:\/\/khmissa.ls-service.ma\/?s={search_term_string}"},"query-input":"required name=search_term_string"}],"inLanguage":"fr-FR"}]}},"_links":{"self":[{"href":"https:\/\/khmissa.ls-service.ma\/index.php?rest_route=\/wp\/v2\/product\/6008","targetHints":{"allow":["GET"]}}],"collection":[{"href":"https:\/\/khmissa.ls-service.ma\/index.php?rest_route=\/wp\/v2\/product"}],"about":[{"href":"https:\/\/khmissa.ls-service.ma\/index.php?rest_route=\/wp\/v2\/types\/product"}],"version-history":[{"count":1,"href":"https:\/\/khmissa.ls-service.ma\/index.php?rest_route=\/wp\/v2\/product\/6008\/revisions"}],"predecessor-version":[{"id":6082,"href":"https:\/\/khmissa.ls-service.ma\/index.php?rest_route=\/wp\/v2\/product\/6008\/revisions\/6082"}],"wp:featuredmedia":[{"embeddable":true,"href":"https:\/\/khmissa.ls-service.ma\/index.php?rest_route=\/wp\/v2\/media\/6081"}],"wp:attachment":[{"href":"https:\/\/khmissa.ls-service.ma\/index.php?rest_route=%2Fwp%2Fv2%2Fmedia&parent=6008"}],"wp:term":[{"taxonomy":"product_cat","embeddable":true,"href":"https:\/\/khmissa.ls-service.ma\/index.php?rest_route=%2Fwp%2Fv2%2Fproduct_cat&post=6008"},{"taxonomy":"product_tag","embeddable":true,"href":"https:\/\/khmissa.ls-service.ma\/index.php?rest_route=%2Fwp%2Fv2%2Fproduct_tag&post=6008"}],"curies":[{"name":"wp","href":"https:\/\/api.w.org\/{rel}","templated":true}]}}