{"id":6012,"date":"2022-12-07T15:46:28","date_gmt":"2022-12-07T15:46:28","guid":{"rendered":"https:\/\/khmissa.ls-service.net\/?post_type=product&#038;p=6012"},"modified":"2022-12-07T15:48:57","modified_gmt":"2022-12-07T15:48:57","slug":"vtech-mon-imagier-des-animaux","status":"publish","type":"product","link":"https:\/\/khmissa.ls-service.ma\/?product=vtech-mon-imagier-des-animaux","title":{"rendered":"VTECH &#8211; Mon imagier des animaux"},"content":{"rendered":"","protected":false},"excerpt":{"rendered":"<p><span class=\"accroche\">Un\u00a0<strong>imagier interactif 100 % bilingue<\/strong>\u00a0pour tout savoir sur les animaux du monde entier !<\/span><\/p>\n<p>Avec Mon imagier des animaux bilingue, votre enfant d\u00e9couvre 100 noms d\u2019animaux et informations en fran\u00e7ais ou en anglais ainsi que des sons r\u00e9alistes et amusants !<\/p>\n<p>Gr\u00e2ce aux belles photos et illustrations, il prend plaisir \u00e0 parcourir les pages plastifi\u00e9es de son livre interactif. C\u2019est parti pour apprendre tout en s\u2019amusant !<\/p>\n<p><strong>D\u00e9couvertes et apprentissages :<\/strong><\/p>\n<p>&#8211; Des jolies pages\u00a0remplies d\u2019illustrations et de photos..<\/p>\n","protected":false},"featured_media":6096,"template":"","meta":{"inline_featured_image":false},"product_cat":[503],"product_tag":[],"class_list":{"0":"post-6012","1":"product","2":"type-product","3":"status-publish","4":"has-post-thumbnail","6":"product_cat-jouet","8":"first","9":"instock","10":"shipping-taxable","11":"purchasable","12":"product-type-simple"},"yoast_head":"<!-- This site is optimized with the Yoast SEO plugin v19.13 - https:\/\/yoast.com\/wordpress\/plugins\/seo\/ -->\n<title>VTECH - Mon imagier des animaux - KHMISSA MARKET<\/title>\n<meta name=\"robots\" content=\"index, follow, max-snippet:-1, max-image-preview:large, max-video-preview:-1\" \/>\n<link rel=\"canonical\" href=\"https:\/\/khmissa.ls-service.ma\/?product=vtech-mon-imagier-des-animaux\" \/>\n<meta property=\"og:locale\" content=\"fr_FR\" \/>\n<meta property=\"og:type\" content=\"article\" \/>\n<meta property=\"og:title\" content=\"VTECH - Mon imagier des animaux - KHMISSA MARKET\" \/>\n<meta property=\"og:description\" content=\"Un\u00a0imagier interactif 100 % bilingue\u00a0pour tout savoir sur les animaux du monde entier !  Avec Mon imagier des animaux bilingue, votre enfant d\u00e9couvre 100 noms d\u2019animaux et informations en fran\u00e7ais ou en anglais ainsi que des sons r\u00e9alistes et amusants !  Gr\u00e2ce aux belles photos et illustrations, il prend plaisir \u00e0 parcourir les pages plastifi\u00e9es de son livre interactif. C\u2019est parti pour apprendre tout en s\u2019amusant !  D\u00e9couvertes et apprentissages :  - Des jolies pages\u00a0remplies d\u2019illustrations et de photos..\" \/>\n<meta property=\"og:url\" content=\"https:\/\/khmissa.ls-service.ma\/?product=vtech-mon-imagier-des-animaux\" \/>\n<meta property=\"og:site_name\" content=\"KHMISSA MARKET\" \/>\n<meta property=\"article:modified_time\" content=\"2022-12-07T15:48:57+00:00\" \/>\n<meta property=\"og:image\" content=\"https:\/\/khmissa.ls-service.ma\/wp-content\/uploads\/2022\/12\/vte.png\" \/>\n\t<meta property=\"og:image:width\" content=\"700\" \/>\n\t<meta property=\"og:image:height\" content=\"694\" \/>\n\t<meta property=\"og:image:type\" content=\"image\/png\" \/>\n<meta name=\"twitter:card\" content=\"summary_large_image\" \/>\n<script type=\"application\/ld+json\" class=\"yoast-schema-graph\">{\"@context\":\"https:\/\/schema.org\",\"@graph\":[{\"@type\":\"WebPage\",\"@id\":\"https:\/\/khmissa.ls-service.ma\/?product=vtech-mon-imagier-des-animaux\",\"url\":\"https:\/\/khmissa.ls-service.ma\/?product=vtech-mon-imagier-des-animaux\",\"name\":\"VTECH - Mon imagier des animaux - KHMISSA MARKET\",\"isPartOf\":{\"@id\":\"https:\/\/khmissa.ls-service.ma\/#website\"},\"datePublished\":\"2022-12-07T15:46:28+00:00\",\"dateModified\":\"2022-12-07T15:48:57+00:00\",\"breadcrumb\":{\"@id\":\"https:\/\/khmissa.ls-service.ma\/?product=vtech-mon-imagier-des-animaux#breadcrumb\"},\"inLanguage\":\"fr-FR\",\"potentialAction\":[{\"@type\":\"ReadAction\",\"target\":[\"https:\/\/khmissa.ls-service.ma\/?product=vtech-mon-imagier-des-animaux\"]}]},{\"@type\":\"BreadcrumbList\",\"@id\":\"https:\/\/khmissa.ls-service.ma\/?product=vtech-mon-imagier-des-animaux#breadcrumb\",\"itemListElement\":[{\"@type\":\"ListItem\",\"position\":1,\"name\":\"Accueil\",\"item\":\"https:\/\/khmissa.ls-service.ma\/\"},{\"@type\":\"ListItem\",\"position\":2,\"name\":\"Boutique\",\"item\":\"https:\/\/khmissa.ls-service.ma\/?page_id=6\"},{\"@type\":\"ListItem\",\"position\":3,\"name\":\"VTECH &#8211; Mon imagier des animaux\"}]},{\"@type\":\"WebSite\",\"@id\":\"https:\/\/khmissa.ls-service.ma\/#website\",\"url\":\"https:\/\/khmissa.ls-service.ma\/\",\"name\":\"KHMISSA MARKET\",\"description\":\"Online market\",\"potentialAction\":[{\"@type\":\"SearchAction\",\"target\":{\"@type\":\"EntryPoint\",\"urlTemplate\":\"https:\/\/khmissa.ls-service.ma\/?s={search_term_string}\"},\"query-input\":\"required name=search_term_string\"}],\"inLanguage\":\"fr-FR\"}]}<\/script>\n<!-- \/ Yoast SEO plugin. -->","yoast_head_json":{"title":"VTECH - Mon imagier des animaux - KHMISSA MARKET","robots":{"index":"index","follow":"follow","max-snippet":"max-snippet:-1","max-image-preview":"max-image-preview:large","max-video-preview":"max-video-preview:-1"},"canonical":"https:\/\/khmissa.ls-service.ma\/?product=vtech-mon-imagier-des-animaux","og_locale":"fr_FR","og_type":"article","og_title":"VTECH - Mon imagier des animaux - KHMISSA MARKET","og_description":"Un\u00a0imagier interactif 100 % bilingue\u00a0pour tout savoir sur les animaux du monde entier !  Avec Mon imagier des animaux bilingue, votre enfant d\u00e9couvre 100 noms d\u2019animaux et informations en fran\u00e7ais ou en anglais ainsi que des sons r\u00e9alistes et amusants !  Gr\u00e2ce aux belles photos et illustrations, il prend plaisir \u00e0 parcourir les pages plastifi\u00e9es de son livre interactif. C\u2019est parti pour apprendre tout en s\u2019amusant !  D\u00e9couvertes et apprentissages :  - Des jolies pages\u00a0remplies d\u2019illustrations et de photos..","og_url":"https:\/\/khmissa.ls-service.ma\/?product=vtech-mon-imagier-des-animaux","og_site_name":"KHMISSA MARKET","article_modified_time":"2022-12-07T15:48:57+00:00","og_image":[{"width":700,"height":694,"url":"https:\/\/khmissa.ls-service.ma\n\n\/wp-content\/uploads\/2022\/12\/vte.png","type":"image\/png"}],"twitter_card":"summary_large_image","schema":{"@context":"https:\/\/schema.org","@graph":[{"@type":"WebPage","@id":"https:\/\/khmissa.ls-service.ma\/?product=vtech-mon-imagier-des-animaux","url":"https:\/\/khmissa.ls-service.ma\/?product=vtech-mon-imagier-des-animaux","name":"VTECH - Mon imagier des animaux - KHMISSA MARKET","isPartOf":{"@id":"https:\/\/khmissa.ls-service.ma\/#website"},"datePublished":"2022-12-07T15:46:28+00:00","dateModified":"2022-12-07T15:48:57+00:00","breadcrumb":{"@id":"https:\/\/khmissa.ls-service.ma\/?product=vtech-mon-imagier-des-animaux#breadcrumb"},"inLanguage":"fr-FR","potentialAction":[{"@type":"ReadAction","target":["https:\/\/khmissa.ls-service.ma\/?product=vtech-mon-imagier-des-animaux"]}]},{"@type":"BreadcrumbList","@id":"https:\/\/khmissa.ls-service.ma\/?product=vtech-mon-imagier-des-animaux#breadcrumb","itemListElement":[{"@type":"ListItem","position":1,"name":"Accueil","item":"https:\/\/khmissa.ls-service.ma\/"},{"@type":"ListItem","position":2,"name":"Boutique","item":"https:\/\/khmissa.ls-service.ma\/?page_id=6"},{"@type":"ListItem","position":3,"name":"VTECH &#8211; Mon imagier des animaux"}]},{"@type":"WebSite","@id":"https:\/\/khmissa.ls-service.ma\/#website","url":"https:\/\/khmissa.ls-service.ma\/","name":"KHMISSA MARKET","description":"Online market","potentialAction":[{"@type":"SearchAction","target":{"@type":"EntryPoint","urlTemplate":"https:\/\/khmissa.ls-service.ma\/?s={search_term_string}"},"query-input":"required name=search_term_string"}],"inLanguage":"fr-FR"}]}},"_links":{"self":[{"href":"https:\/\/khmissa.ls-service.ma\/index.php?rest_route=\/wp\/v2\/product\/6012","targetHints":{"allow":["GET"]}}],"collection":[{"href":"https:\/\/khmissa.ls-service.ma\/index.php?rest_route=\/wp\/v2\/product"}],"about":[{"href":"https:\/\/khmissa.ls-service.ma\/index.php?rest_route=\/wp\/v2\/types\/product"}],"version-history":[{"count":1,"href":"https:\/\/khmissa.ls-service.ma\/index.php?rest_route=\/wp\/v2\/product\/6012\/revisions"}],"predecessor-version":[{"id":6097,"href":"https:\/\/khmissa.ls-service.ma\/index.php?rest_route=\/wp\/v2\/product\/6012\/revisions\/6097"}],"wp:featuredmedia":[{"embeddable":true,"href":"https:\/\/khmissa.ls-service.ma\/index.php?rest_route=\/wp\/v2\/media\/6096"}],"wp:attachment":[{"href":"https:\/\/khmissa.ls-service.ma\/index.php?rest_route=%2Fwp%2Fv2%2Fmedia&parent=6012"}],"wp:term":[{"taxonomy":"product_cat","embeddable":true,"href":"https:\/\/khmissa.ls-service.ma\/index.php?rest_route=%2Fwp%2Fv2%2Fproduct_cat&post=6012"},{"taxonomy":"product_tag","embeddable":true,"href":"https:\/\/khmissa.ls-service.ma\/index.php?rest_route=%2Fwp%2Fv2%2Fproduct_tag&post=6012"}],"curies":[{"name":"wp","href":"https:\/\/api.w.org\/{rel}","templated":true}]}}