{"id":6013,"date":"2022-12-07T15:46:30","date_gmt":"2022-12-07T15:46:30","guid":{"rendered":"https:\/\/khmissa.ls-service.net\/?post_type=product&#038;p=6013"},"modified":"2022-12-07T15:49:00","modified_gmt":"2022-12-07T15:49:00","slug":"clementoni-stylo-parlant-60-activites","status":"publish","type":"product","link":"https:\/\/khmissa.ls-service.ma\/?product=clementoni-stylo-parlant-60-activites","title":{"rendered":"CLEMENTONI &#8211; Stylo parlant : 60 activit\u00e9s"},"content":{"rendered":"<p>Un recueil de jeux avec plus de 60 activit\u00e9s \u00e9ducatives qui abordent tous les sujets cl\u00e9s de l\u2019apprentissage dans l\u2019enseignement pr\u00e9scolaire. Il contient 24 maxi fiches avec des exercices, un amusant jeu de l\u2019oie ainsi qu\u2019un petit train color\u00e9 compos\u00e9 de pi\u00e8ces \u00e0 embo\u00eeter.<\/p>\n<p>Toutes les activit\u00e9s se jouent \u00e0 l\u2019aide du stylo. Ce jeu aborde les principaux th\u00e8mes \u00e9ducatifs adapt\u00e9s \u00e0 cette tranche d&rsquo;\u00e2ge, comme les lettres, les mots, les chiffres, les formes, les couleurs et bien plus encore !<\/p>\n<p>Dimensions\u00a0:\u00a06,00 x 41,80 x 27,80 cm<\/p>\n<p>Age\u00a0: 3 \u00e0 6 ans<\/p>\n","protected":false},"excerpt":{"rendered":"<p>Un recueil de jeux avec plus de 60 activit\u00e9s \u00e9ducatives qui abordent tous les sujets cl\u00e9s de l\u2019apprentissage dans l\u2019enseignement pr\u00e9scolaire. Il contient 24 maxi fiches avec des exercices, un amusant jeu de l\u2019oie ainsi qu\u2019un petit train color\u00e9 compos\u00e9 de pi\u00e8ces \u00e0 embo\u00eeter.<\/p>\n<p>Toutes les activit\u00e9s se jouent \u00e0 l\u2019aide du stylo. Ce jeu aborde les principaux th\u00e8mes \u00e9ducatifs adapt\u00e9s \u00e0 cette tranche d&rsquo;\u00e2ge, comme les lettres, les mots, les chiffres, les formes, les couleurs et bien plus encore&#8230;<\/p>\n","protected":false},"featured_media":6098,"template":"","meta":{"inline_featured_image":false},"product_cat":[503],"product_tag":[],"class_list":{"0":"post-6013","1":"product","2":"type-product","3":"status-publish","4":"has-post-thumbnail","6":"product_cat-jouet","8":"first","9":"instock","10":"shipping-taxable","11":"purchasable","12":"product-type-simple"},"yoast_head":"<!-- This site is optimized with the Yoast SEO plugin v19.13 - https:\/\/yoast.com\/wordpress\/plugins\/seo\/ -->\n<title>CLEMENTONI - Stylo parlant : 60 activit\u00e9s - KHMISSA MARKET<\/title>\n<meta name=\"robots\" content=\"index, follow, max-snippet:-1, max-image-preview:large, max-video-preview:-1\" \/>\n<link rel=\"canonical\" href=\"https:\/\/khmissa.ls-service.ma\/?product=clementoni-stylo-parlant-60-activites\" \/>\n<meta property=\"og:locale\" content=\"fr_FR\" \/>\n<meta property=\"og:type\" content=\"article\" \/>\n<meta property=\"og:title\" content=\"CLEMENTONI - Stylo parlant : 60 activit\u00e9s - KHMISSA MARKET\" \/>\n<meta property=\"og:description\" content=\"Un recueil de jeux avec plus de 60 activit\u00e9s \u00e9ducatives qui abordent tous les sujets cl\u00e9s de l\u2019apprentissage dans l\u2019enseignement pr\u00e9scolaire. Il contient 24 maxi fiches avec des exercices, un amusant jeu de l\u2019oie ainsi qu\u2019un petit train color\u00e9 compos\u00e9 de pi\u00e8ces \u00e0 embo\u00eeter.  Toutes les activit\u00e9s se jouent \u00e0 l\u2019aide du stylo. Ce jeu aborde les principaux th\u00e8mes \u00e9ducatifs adapt\u00e9s \u00e0 cette tranche d&#039;\u00e2ge, comme les lettres, les mots, les chiffres, les formes, les couleurs et bien plus encore...\" \/>\n<meta property=\"og:url\" content=\"https:\/\/khmissa.ls-service.ma\/?product=clementoni-stylo-parlant-60-activites\" \/>\n<meta property=\"og:site_name\" content=\"KHMISSA MARKET\" \/>\n<meta property=\"article:modified_time\" content=\"2022-12-07T15:49:00+00:00\" \/>\n<meta property=\"og:image\" content=\"https:\/\/khmissa.ls-service.ma\/wp-content\/uploads\/2022\/12\/CLEMENTONI-Stylo-parlant-1.jpg\" \/>\n\t<meta property=\"og:image:width\" content=\"1029\" \/>\n\t<meta property=\"og:image:height\" content=\"838\" \/>\n\t<meta property=\"og:image:type\" content=\"image\/jpeg\" \/>\n<meta name=\"twitter:card\" content=\"summary_large_image\" \/>\n<script type=\"application\/ld+json\" class=\"yoast-schema-graph\">{\"@context\":\"https:\/\/schema.org\",\"@graph\":[{\"@type\":\"WebPage\",\"@id\":\"https:\/\/khmissa.ls-service.ma\/?product=clementoni-stylo-parlant-60-activites\",\"url\":\"https:\/\/khmissa.ls-service.ma\/?product=clementoni-stylo-parlant-60-activites\",\"name\":\"CLEMENTONI - Stylo parlant : 60 activit\u00e9s - KHMISSA MARKET\",\"isPartOf\":{\"@id\":\"https:\/\/khmissa.ls-service.ma\/#website\"},\"datePublished\":\"2022-12-07T15:46:30+00:00\",\"dateModified\":\"2022-12-07T15:49:00+00:00\",\"breadcrumb\":{\"@id\":\"https:\/\/khmissa.ls-service.ma\/?product=clementoni-stylo-parlant-60-activites#breadcrumb\"},\"inLanguage\":\"fr-FR\",\"potentialAction\":[{\"@type\":\"ReadAction\",\"target\":[\"https:\/\/khmissa.ls-service.ma\/?product=clementoni-stylo-parlant-60-activites\"]}]},{\"@type\":\"BreadcrumbList\",\"@id\":\"https:\/\/khmissa.ls-service.ma\/?product=clementoni-stylo-parlant-60-activites#breadcrumb\",\"itemListElement\":[{\"@type\":\"ListItem\",\"position\":1,\"name\":\"Accueil\",\"item\":\"https:\/\/khmissa.ls-service.ma\/\"},{\"@type\":\"ListItem\",\"position\":2,\"name\":\"Boutique\",\"item\":\"https:\/\/khmissa.ls-service.ma\/?page_id=6\"},{\"@type\":\"ListItem\",\"position\":3,\"name\":\"CLEMENTONI &#8211; Stylo parlant : 60 activit\u00e9s\"}]},{\"@type\":\"WebSite\",\"@id\":\"https:\/\/khmissa.ls-service.ma\/#website\",\"url\":\"https:\/\/khmissa.ls-service.ma\/\",\"name\":\"KHMISSA MARKET\",\"description\":\"Online market\",\"potentialAction\":[{\"@type\":\"SearchAction\",\"target\":{\"@type\":\"EntryPoint\",\"urlTemplate\":\"https:\/\/khmissa.ls-service.ma\/?s={search_term_string}\"},\"query-input\":\"required name=search_term_string\"}],\"inLanguage\":\"fr-FR\"}]}<\/script>\n<!-- \/ Yoast SEO plugin. -->","yoast_head_json":{"title":"CLEMENTONI - Stylo parlant : 60 activit\u00e9s - KHMISSA MARKET","robots":{"index":"index","follow":"follow","max-snippet":"max-snippet:-1","max-image-preview":"max-image-preview:large","max-video-preview":"max-video-preview:-1"},"canonical":"https:\/\/khmissa.ls-service.ma\/?product=clementoni-stylo-parlant-60-activites","og_locale":"fr_FR","og_type":"article","og_title":"CLEMENTONI - Stylo parlant : 60 activit\u00e9s - KHMISSA MARKET","og_description":"Un recueil de jeux avec plus de 60 activit\u00e9s \u00e9ducatives qui abordent tous les sujets cl\u00e9s de l\u2019apprentissage dans l\u2019enseignement pr\u00e9scolaire. Il contient 24 maxi fiches avec des exercices, un amusant jeu de l\u2019oie ainsi qu\u2019un petit train color\u00e9 compos\u00e9 de pi\u00e8ces \u00e0 embo\u00eeter.  Toutes les activit\u00e9s se jouent \u00e0 l\u2019aide du stylo. Ce jeu aborde les principaux th\u00e8mes \u00e9ducatifs adapt\u00e9s \u00e0 cette tranche d'\u00e2ge, comme les lettres, les mots, les chiffres, les formes, les couleurs et bien plus encore...","og_url":"https:\/\/khmissa.ls-service.ma\/?product=clementoni-stylo-parlant-60-activites","og_site_name":"KHMISSA MARKET","article_modified_time":"2022-12-07T15:49:00+00:00","og_image":[{"width":1029,"height":838,"url":"https:\/\/khmissa.ls-service.ma\n\n\/wp-content\/uploads\/2022\/12\/CLEMENTONI-Stylo-parlant-1.jpg","type":"image\/jpeg"}],"twitter_card":"summary_large_image","schema":{"@context":"https:\/\/schema.org","@graph":[{"@type":"WebPage","@id":"https:\/\/khmissa.ls-service.ma\/?product=clementoni-stylo-parlant-60-activites","url":"https:\/\/khmissa.ls-service.ma\/?product=clementoni-stylo-parlant-60-activites","name":"CLEMENTONI - Stylo parlant : 60 activit\u00e9s - KHMISSA MARKET","isPartOf":{"@id":"https:\/\/khmissa.ls-service.ma\/#website"},"datePublished":"2022-12-07T15:46:30+00:00","dateModified":"2022-12-07T15:49:00+00:00","breadcrumb":{"@id":"https:\/\/khmissa.ls-service.ma\/?product=clementoni-stylo-parlant-60-activites#breadcrumb"},"inLanguage":"fr-FR","potentialAction":[{"@type":"ReadAction","target":["https:\/\/khmissa.ls-service.ma\/?product=clementoni-stylo-parlant-60-activites"]}]},{"@type":"BreadcrumbList","@id":"https:\/\/khmissa.ls-service.ma\/?product=clementoni-stylo-parlant-60-activites#breadcrumb","itemListElement":[{"@type":"ListItem","position":1,"name":"Accueil","item":"https:\/\/khmissa.ls-service.ma\/"},{"@type":"ListItem","position":2,"name":"Boutique","item":"https:\/\/khmissa.ls-service.ma\/?page_id=6"},{"@type":"ListItem","position":3,"name":"CLEMENTONI &#8211; Stylo parlant : 60 activit\u00e9s"}]},{"@type":"WebSite","@id":"https:\/\/khmissa.ls-service.ma\/#website","url":"https:\/\/khmissa.ls-service.ma\/","name":"KHMISSA MARKET","description":"Online market","potentialAction":[{"@type":"SearchAction","target":{"@type":"EntryPoint","urlTemplate":"https:\/\/khmissa.ls-service.ma\/?s={search_term_string}"},"query-input":"required name=search_term_string"}],"inLanguage":"fr-FR"}]}},"_links":{"self":[{"href":"https:\/\/khmissa.ls-service.ma\/index.php?rest_route=\/wp\/v2\/product\/6013","targetHints":{"allow":["GET"]}}],"collection":[{"href":"https:\/\/khmissa.ls-service.ma\/index.php?rest_route=\/wp\/v2\/product"}],"about":[{"href":"https:\/\/khmissa.ls-service.ma\/index.php?rest_route=\/wp\/v2\/types\/product"}],"version-history":[{"count":1,"href":"https:\/\/khmissa.ls-service.ma\/index.php?rest_route=\/wp\/v2\/product\/6013\/revisions"}],"predecessor-version":[{"id":6099,"href":"https:\/\/khmissa.ls-service.ma\/index.php?rest_route=\/wp\/v2\/product\/6013\/revisions\/6099"}],"wp:featuredmedia":[{"embeddable":true,"href":"https:\/\/khmissa.ls-service.ma\/index.php?rest_route=\/wp\/v2\/media\/6098"}],"wp:attachment":[{"href":"https:\/\/khmissa.ls-service.ma\/index.php?rest_route=%2Fwp%2Fv2%2Fmedia&parent=6013"}],"wp:term":[{"taxonomy":"product_cat","embeddable":true,"href":"https:\/\/khmissa.ls-service.ma\/index.php?rest_route=%2Fwp%2Fv2%2Fproduct_cat&post=6013"},{"taxonomy":"product_tag","embeddable":true,"href":"https:\/\/khmissa.ls-service.ma\/index.php?rest_route=%2Fwp%2Fv2%2Fproduct_tag&post=6013"}],"curies":[{"name":"wp","href":"https:\/\/api.w.org\/{rel}","templated":true}]}}