{"id":6029,"date":"2022-12-07T15:46:55","date_gmt":"2022-12-07T15:46:55","guid":{"rendered":"https:\/\/khmissa.ls-service.net\/?post_type=product&#038;p=6029"},"modified":"2022-12-07T15:49:08","modified_gmt":"2022-12-07T15:49:08","slug":"meuleuse-125mm-1100-watts-ingco","status":"publish","type":"product","link":"https:\/\/khmissa.ls-service.ma\/?product=meuleuse-125mm-1100-watts-ingco","title":{"rendered":"MEULEUSE 125MM 1100 WATTS INGCO"},"content":{"rendered":"<div class=\"detail-product-tab\">\n<div class=\"tab-content\">\n<div id=\"sv-description\" class=\"tab-pane active\" role=\"tabpanel\">\n<h2>Description<\/h2>\n<p>Marque\u00a0 : INGCO<\/p>\n<p>Tension: 220-240V ~ 50 \/ 60HZ<\/p>\n<p>Puissance d\u2019entr\u00e9e: 1100W<\/p>\n<p>Vitesse \u00e0 vide : 11000 TR \/ MIN<\/p>\n<p>Diam\u00e8tre du disque: 125 MM<\/p>\n<p>Filetage de la broche: M14<\/p>\n<p>Avec 1 poign\u00e9e auxiliaire<\/p>\n<p>Avec 1 ensemble de balais d e charbon<\/p>\n<p>Avec cl\u00e9 1 pi\u00e8ce<\/p>\n<p>Emball\u00e9 par boite de couleur<\/p>\n<\/div>\n<\/div>\n<\/div>\n<div class=\"relate-product\">\n<div class=\"nav-tabs-default\">\n<ul class=\"nav nav-tabs\" role=\"tablist\">\n<li class=\"active\" role=\"presentation\"><\/li>\n<\/ul>\n<\/div>\n<\/div>\n","protected":false},"excerpt":{"rendered":"<p>Indispensable pour les bricoleurs , la meuleuse est un outil puissant et efficace. Equip\u00e9e d\u2019un moteur 1100 watts, qui permet aux diff\u00e9rents disques de r\u00e9aliser absolument toutes les t\u00e2ches que l\u2019on souhaite avec beaucoup d\u2019efficacit\u00e9. Rien ne lui r\u00e9siste, que ce soit les dalles de pierre, les parpaings ou encore le b\u00e9ton, elle d\u00e9coupe tout tr\u00e8s facilement.<\/p>\n","protected":false},"featured_media":6102,"template":"","meta":{"inline_featured_image":false},"product_cat":[364],"product_tag":[],"class_list":{"0":"post-6029","1":"product","2":"type-product","3":"status-publish","4":"has-post-thumbnail","6":"product_cat-reclame","8":"first","9":"instock","10":"shipping-taxable","11":"purchasable","12":"product-type-simple"},"yoast_head":"<!-- This site is optimized with the Yoast SEO plugin v19.13 - https:\/\/yoast.com\/wordpress\/plugins\/seo\/ -->\n<title>MEULEUSE 125MM 1100 WATTS INGCO - KHMISSA MARKET<\/title>\n<meta name=\"robots\" content=\"index, follow, max-snippet:-1, max-image-preview:large, max-video-preview:-1\" \/>\n<link rel=\"canonical\" href=\"https:\/\/khmissa.ls-service.ma\/?product=meuleuse-125mm-1100-watts-ingco\" \/>\n<meta property=\"og:locale\" content=\"fr_FR\" \/>\n<meta property=\"og:type\" content=\"article\" \/>\n<meta property=\"og:title\" content=\"MEULEUSE 125MM 1100 WATTS INGCO - KHMISSA MARKET\" \/>\n<meta property=\"og:description\" content=\"Indispensable pour les bricoleurs , la meuleuse est un outil puissant et efficace. Equip\u00e9e d\u2019un moteur 1100 watts, qui permet aux diff\u00e9rents disques de r\u00e9aliser absolument toutes les t\u00e2ches que l\u2019on souhaite avec beaucoup d\u2019efficacit\u00e9. Rien ne lui r\u00e9siste, que ce soit les dalles de pierre, les parpaings ou encore le b\u00e9ton, elle d\u00e9coupe tout tr\u00e8s facilement.\" \/>\n<meta property=\"og:url\" content=\"https:\/\/khmissa.ls-service.ma\/?product=meuleuse-125mm-1100-watts-ingco\" \/>\n<meta property=\"og:site_name\" content=\"KHMISSA MARKET\" \/>\n<meta property=\"article:modified_time\" content=\"2022-12-07T15:49:08+00:00\" \/>\n<meta property=\"og:image\" content=\"https:\/\/khmissa.ls-service.ma\/wp-content\/uploads\/2022\/12\/Capture-decran-2022-01-12-a-13.37.14-1024x1014-1-1.png\" \/>\n\t<meta property=\"og:image:width\" content=\"1024\" \/>\n\t<meta property=\"og:image:height\" content=\"1014\" \/>\n\t<meta property=\"og:image:type\" content=\"image\/png\" \/>\n<meta name=\"twitter:card\" content=\"summary_large_image\" \/>\n<script type=\"application\/ld+json\" class=\"yoast-schema-graph\">{\"@context\":\"https:\/\/schema.org\",\"@graph\":[{\"@type\":\"WebPage\",\"@id\":\"https:\/\/khmissa.ls-service.ma\/?product=meuleuse-125mm-1100-watts-ingco\",\"url\":\"https:\/\/khmissa.ls-service.ma\/?product=meuleuse-125mm-1100-watts-ingco\",\"name\":\"MEULEUSE 125MM 1100 WATTS INGCO - KHMISSA MARKET\",\"isPartOf\":{\"@id\":\"https:\/\/khmissa.ls-service.ma\/#website\"},\"datePublished\":\"2022-12-07T15:46:55+00:00\",\"dateModified\":\"2022-12-07T15:49:08+00:00\",\"breadcrumb\":{\"@id\":\"https:\/\/khmissa.ls-service.ma\/?product=meuleuse-125mm-1100-watts-ingco#breadcrumb\"},\"inLanguage\":\"fr-FR\",\"potentialAction\":[{\"@type\":\"ReadAction\",\"target\":[\"https:\/\/khmissa.ls-service.ma\/?product=meuleuse-125mm-1100-watts-ingco\"]}]},{\"@type\":\"BreadcrumbList\",\"@id\":\"https:\/\/khmissa.ls-service.ma\/?product=meuleuse-125mm-1100-watts-ingco#breadcrumb\",\"itemListElement\":[{\"@type\":\"ListItem\",\"position\":1,\"name\":\"Accueil\",\"item\":\"https:\/\/khmissa.ls-service.ma\/\"},{\"@type\":\"ListItem\",\"position\":2,\"name\":\"Boutique\",\"item\":\"https:\/\/khmissa.ls-service.ma\/?page_id=6\"},{\"@type\":\"ListItem\",\"position\":3,\"name\":\"MEULEUSE 125MM 1100 WATTS INGCO\"}]},{\"@type\":\"WebSite\",\"@id\":\"https:\/\/khmissa.ls-service.ma\/#website\",\"url\":\"https:\/\/khmissa.ls-service.ma\/\",\"name\":\"KHMISSA MARKET\",\"description\":\"Online market\",\"potentialAction\":[{\"@type\":\"SearchAction\",\"target\":{\"@type\":\"EntryPoint\",\"urlTemplate\":\"https:\/\/khmissa.ls-service.ma\/?s={search_term_string}\"},\"query-input\":\"required name=search_term_string\"}],\"inLanguage\":\"fr-FR\"}]}<\/script>\n<!-- \/ Yoast SEO plugin. -->","yoast_head_json":{"title":"MEULEUSE 125MM 1100 WATTS INGCO - KHMISSA MARKET","robots":{"index":"index","follow":"follow","max-snippet":"max-snippet:-1","max-image-preview":"max-image-preview:large","max-video-preview":"max-video-preview:-1"},"canonical":"https:\/\/khmissa.ls-service.ma\/?product=meuleuse-125mm-1100-watts-ingco","og_locale":"fr_FR","og_type":"article","og_title":"MEULEUSE 125MM 1100 WATTS INGCO - KHMISSA MARKET","og_description":"Indispensable pour les bricoleurs , la meuleuse est un outil puissant et efficace. Equip\u00e9e d\u2019un moteur 1100 watts, qui permet aux diff\u00e9rents disques de r\u00e9aliser absolument toutes les t\u00e2ches que l\u2019on souhaite avec beaucoup d\u2019efficacit\u00e9. Rien ne lui r\u00e9siste, que ce soit les dalles de pierre, les parpaings ou encore le b\u00e9ton, elle d\u00e9coupe tout tr\u00e8s facilement.","og_url":"https:\/\/khmissa.ls-service.ma\/?product=meuleuse-125mm-1100-watts-ingco","og_site_name":"KHMISSA MARKET","article_modified_time":"2022-12-07T15:49:08+00:00","og_image":[{"width":1024,"height":1014,"url":"https:\/\/khmissa.ls-service.ma\n\n\/wp-content\/uploads\/2022\/12\/Capture-decran-2022-01-12-a-13.37.14-1024x1014-1-1.png","type":"image\/png"}],"twitter_card":"summary_large_image","schema":{"@context":"https:\/\/schema.org","@graph":[{"@type":"WebPage","@id":"https:\/\/khmissa.ls-service.ma\/?product=meuleuse-125mm-1100-watts-ingco","url":"https:\/\/khmissa.ls-service.ma\/?product=meuleuse-125mm-1100-watts-ingco","name":"MEULEUSE 125MM 1100 WATTS INGCO - KHMISSA MARKET","isPartOf":{"@id":"https:\/\/khmissa.ls-service.ma\/#website"},"datePublished":"2022-12-07T15:46:55+00:00","dateModified":"2022-12-07T15:49:08+00:00","breadcrumb":{"@id":"https:\/\/khmissa.ls-service.ma\/?product=meuleuse-125mm-1100-watts-ingco#breadcrumb"},"inLanguage":"fr-FR","potentialAction":[{"@type":"ReadAction","target":["https:\/\/khmissa.ls-service.ma\/?product=meuleuse-125mm-1100-watts-ingco"]}]},{"@type":"BreadcrumbList","@id":"https:\/\/khmissa.ls-service.ma\/?product=meuleuse-125mm-1100-watts-ingco#breadcrumb","itemListElement":[{"@type":"ListItem","position":1,"name":"Accueil","item":"https:\/\/khmissa.ls-service.ma\/"},{"@type":"ListItem","position":2,"name":"Boutique","item":"https:\/\/khmissa.ls-service.ma\/?page_id=6"},{"@type":"ListItem","position":3,"name":"MEULEUSE 125MM 1100 WATTS INGCO"}]},{"@type":"WebSite","@id":"https:\/\/khmissa.ls-service.ma\/#website","url":"https:\/\/khmissa.ls-service.ma\/","name":"KHMISSA MARKET","description":"Online market","potentialAction":[{"@type":"SearchAction","target":{"@type":"EntryPoint","urlTemplate":"https:\/\/khmissa.ls-service.ma\/?s={search_term_string}"},"query-input":"required name=search_term_string"}],"inLanguage":"fr-FR"}]}},"_links":{"self":[{"href":"https:\/\/khmissa.ls-service.ma\/index.php?rest_route=\/wp\/v2\/product\/6029","targetHints":{"allow":["GET"]}}],"collection":[{"href":"https:\/\/khmissa.ls-service.ma\/index.php?rest_route=\/wp\/v2\/product"}],"about":[{"href":"https:\/\/khmissa.ls-service.ma\/index.php?rest_route=\/wp\/v2\/types\/product"}],"version-history":[{"count":1,"href":"https:\/\/khmissa.ls-service.ma\/index.php?rest_route=\/wp\/v2\/product\/6029\/revisions"}],"predecessor-version":[{"id":6103,"href":"https:\/\/khmissa.ls-service.ma\/index.php?rest_route=\/wp\/v2\/product\/6029\/revisions\/6103"}],"wp:featuredmedia":[{"embeddable":true,"href":"https:\/\/khmissa.ls-service.ma\/index.php?rest_route=\/wp\/v2\/media\/6102"}],"wp:attachment":[{"href":"https:\/\/khmissa.ls-service.ma\/index.php?rest_route=%2Fwp%2Fv2%2Fmedia&parent=6029"}],"wp:term":[{"taxonomy":"product_cat","embeddable":true,"href":"https:\/\/khmissa.ls-service.ma\/index.php?rest_route=%2Fwp%2Fv2%2Fproduct_cat&post=6029"},{"taxonomy":"product_tag","embeddable":true,"href":"https:\/\/khmissa.ls-service.ma\/index.php?rest_route=%2Fwp%2Fv2%2Fproduct_tag&post=6029"}],"curies":[{"name":"wp","href":"https:\/\/api.w.org\/{rel}","templated":true}]}}